{"id":156,"date":"2014-06-29T18:22:35","date_gmt":"2014-06-29T17:22:35","guid":{"rendered":"http:\/\/www.eszter-maura.eu\/?page_id=156"},"modified":"2018-02-11T14:58:16","modified_gmt":"2018-02-11T13:58:16","slug":"","status":"publish","type":"page","link":"https:\/\/eszter-maura.eu\/fr\/mesek-magyarul\/az-alomszovo-utazasai-2\/","title":{"rendered":"","raw":""},"content":{"rendered":"","protected":false,"raw":""},"excerpt":{"rendered":"","protected":false,"raw":""},"author":1,"featured_media":0,"parent":60,"menu_order":0,"comment_status":"closed","ping_status":"closed","template":"","meta":{"_en_post_content":"<a href=\"http:\/\/www.eszter-maura.eu\/?tag=almok-s-illuziok-muhelye\">\u00c1lmok s ill\u00fazi\u00f3k m\u0171helye<\/a>\r\n\r\n<a href=\"http:\/\/www.eszter-maura.eu\/?tag=kikoto\">K\u00e9t kik\u00f6t\u0151 k\u00f6zt<\/a>\r\n\r\n<a href=\"http:\/\/www.eszter-maura.eu\/?tag=utazas-i\">Az \u00e1lomsz\u00f6v\u0151 utaz\u00e1sai I.<\/a>\r\n\r\n<a href=\"http:\/\/www.eszter-maura.eu\/?tag=utazas-ii\">Az \u00e1lomsz\u00f6v\u0151 utaz\u00e1sai II<\/a>.\r\n\r\n<a href=\"http:\/\/www.eszter-maura.eu\/?tag=muhelytitkok\">M\u0171helytitkok<\/a>","_en_post_name":"az-alomszovo-utazasai-2","_en_post_excerpt":"","_en_post_title":"Az \u00e1lomsz\u00f6v\u0151 utaz\u00e1sai","_fr_post_content":"","_fr_post_name":"","_fr_post_excerpt":"","_fr_post_title":"","_nl_post_content":"","_nl_post_name":"","_nl_post_excerpt":"","_nl_post_title":"","edit_language":"fr","advanced_seo_description":"","jetpack_seo_html_title":"","jetpack_seo_noindex":false,"jetpack_post_was_ever_published":false,"footnotes":""},"class_list":["post-156","page","type-page","status-publish","hentry","post"],"jetpack_sharing_enabled":false,"jetpack_shortlink":"https:\/\/wp.me\/P4KP79-2w","jetpack_likes_enabled":false,"jetpack-related-posts":[],"_links":{"self":[{"href":"https:\/\/eszter-maura.eu\/fr\/wp-json\/wp\/v2\/pages\/156","targetHints":{"allow":["GET"]}}],"collection":[{"href":"https:\/\/eszter-maura.eu\/fr\/wp-json\/wp\/v2\/pages"}],"about":[{"href":"https:\/\/eszter-maura.eu\/fr\/wp-json\/wp\/v2\/types\/page"}],"author":[{"embeddable":true,"href":"https:\/\/eszter-maura.eu\/fr\/wp-json\/wp\/v2\/users\/1"}],"replies":[{"embeddable":true,"href":"https:\/\/eszter-maura.eu\/fr\/wp-json\/wp\/v2\/comments?post=156"}],"version-history":[{"count":4,"href":"https:\/\/eszter-maura.eu\/fr\/wp-json\/wp\/v2\/pages\/156\/revisions"}],"predecessor-version":[{"id":1824,"href":"https:\/\/eszter-maura.eu\/fr\/wp-json\/wp\/v2\/pages\/156\/revisions\/1824"}],"up":[{"embeddable":true,"href":"https:\/\/eszter-maura.eu\/fr\/wp-json\/wp\/v2\/pages\/60"}],"wp:attachment":[{"href":"https:\/\/eszter-maura.eu\/fr\/wp-json\/wp\/v2\/media?parent=156"}],"curies":[{"name":"wp","href":"https:\/\/api.w.org\/{rel}","templated":true}]}}